{"id":907,"date":"2021-09-10T17:12:04","date_gmt":"2021-09-10T15:12:04","guid":{"rendered":"http:\/\/bakianofficial.com\/?page_id=907"},"modified":"2025-01-07T18:27:19","modified_gmt":"2025-01-07T17:27:19","slug":"politica-de-privacidad","status":"publish","type":"page","link":"https:\/\/bakianofficial.com\/index.php\/es\/politica-de-privacidad\/","title":{"rendered":"Pol\u00edtica de privacidad"},"content":{"rendered":"\t\t<div data-elementor-type=\"wp-page\" data-elementor-id=\"907\" class=\"elementor elementor-907\">\n\t\t\t\t<section class=\"elementor-section elementor-top-section elementor-element elementor-element-7e317810 elementor-section-boxed elementor-section-height-default elementor-section-height-default\" data-id=\"7e317810\" data-element_type=\"section\" data-settings=\"{&quot;background_background&quot;:&quot;classic&quot;}\">\n\t\t\t\t\t\t\t<div class=\"elementor-background-overlay\"><\/div>\n\t\t\t\t\t\t\t<div class=\"elementor-container elementor-column-gap-default\">\n\t\t\t\t\t<div class=\"elementor-column elementor-col-100 elementor-top-column elementor-element elementor-element-20f92772\" data-id=\"20f92772\" data-element_type=\"column\">\n\t\t\t<div class=\"elementor-widget-wrap elementor-element-populated\">\n\t\t\t\t\t\t<div class=\"elementor-element elementor-element-190fc743 elementor-widget elementor-widget-text-editor\" data-id=\"190fc743\" data-element_type=\"widget\" data-widget_type=\"text-editor.default\">\n\t\t\t\t<div class=\"elementor-widget-container\">\n\t\t\t\t\t\t\t\t\t<p><\/p><h2 class=\"wp-block-heading\">\u00bfQui\u00e9nes somos?<\/h2><p><\/p><p><\/p><p>La direcci\u00f3n de nuestro sitio web es: https:\/\/bakianofficial.com.<\/p><p><span style=\"color: #3a3a3a;\"><span style=\"font-size: 30px;\">Uso de los datos personales recogidos<\/span><\/span><\/p><p><span style=\"color: #3a3a3a; font-size: 1.66667rem; font-style: inherit; font-weight: inherit;\">Commentarios<\/span><\/p><p><\/p><p><\/p><p>Cuando deja un comentario en nuestro sitio web, los datos registrados en el formulario de comentario, sino tambi\u00e9n su direcci\u00f3n IP y el agente de usuario de su navegador se recopilan para ayudarnos a detectar comentarios no deseados.<\/p><p>Una cadena an\u00f3nima creada a partir de su direcci\u00f3n de correo electr\u00f3nico (tambi\u00e9n llamada hash) puede ser enviada al servicio Gravatar para verificar si est\u00e1 utilizando este \u00faltimo. Las cl\u00e1usulas de privacidad del servicio Gravatar est\u00e1n disponibles aqu\u00ed: https:\/\/automattic.com\/privacy\/. Despu\u00e9s de validar su comentario, su foto de perfil ser\u00e1 visible p\u00fablicamente junto a su comentario.<\/p><p><\/p><p><\/p><h3 class=\"wp-block-heading\">Medios<\/h3><p><\/p><p><\/p><p>Si eres un usuario o usuaria registrado-e y subes im\u00e1genes al sitio web, te aconsejamos que evites cargar im\u00e1genes que contengan datos EXIF de coordenadas GPS. Los visitantes de su sitio web pueden descargar y extraer datos de ubicaci\u00f3n de estas im\u00e1genes.<\/p><p><span style=\"color: #3a3a3a; font-size: 1.66667rem; font-style: inherit; font-weight: inherit;\">Cookies<\/span><\/p><p><\/p><p><\/p><p>Si deposita un comentario en nuestro sitio, se le propondr\u00e1 registrar su nombre, direcci\u00f3n de correo electr\u00f3nico y sitio web en cookies. Esto es s\u00f3lo para su comodidad, por lo que no tiene que introducir esta informaci\u00f3n si presenta otro comentario m\u00e1s tarde. Estas galletas caducan al cabo de un a\u00f1o.<\/p><p>Si visita la p\u00e1gina de inicio de sesi\u00f3n, se crear\u00e1 una cookie temporal para determinar si su navegador acepta cookies. No contiene datos personales y se eliminar\u00e1 autom\u00e1ticamente al cerrar su navegador.<\/p><p><\/p><p><\/p><p>Cuando inicie sesi\u00f3n, configuraremos una serie de cookies para guardar su informaci\u00f3n de inicio de sesi\u00f3n y preferencias de pantalla. La vida de una cookie de conexi\u00f3n es de dos d\u00edas, la de una cookie de opci\u00f3n de pantalla es de un a\u00f1o. Si marca \u00abRecordarme\u00bb, su cookie de conexi\u00f3n se conservar\u00e1 durante dos semanas. Si te desconectas de tu cuenta, la cookie de inicio de sesi\u00f3n se borrar\u00e1.<\/p><p>Al editar o publicar una publicaci\u00f3n, se guardar\u00e1 una cookie adicional en su navegador. Esta cookie no contiene datos personales. Simplemente indica el ID de la publicaci\u00f3n que acaba de editar. Expira al cabo de un d\u00eda.<\/p><p><\/p><p><\/p><h3 class=\"wp-block-heading\">Contenido embebido desde otros sitios<\/h3><h3><span style=\"font-size: 15px; font-style: inherit; font-weight: inherit; color: #ffffff;\">\u00a0<\/span><\/h3><p><span style=\"color: #ffffff;\"><span style=\"font-size: 15px;\">Los art\u00edculos de este sitio pueden incluir contenidos incorporados (por ejemplo, v\u00eddeos, im\u00e1genes, art\u00edculos&#8230;). El contenido integrado desde otros sitios se comporta de la misma manera que si el visitante visitara este otro sitio.<\/span><\/span><\/p><p><span style=\"color: #ffffff;\"><span style=\"font-size: 15px;\">Estos sitios web podr\u00edan recopilar datos sobre usted, utilizar cookies, enviar herramientas de seguimiento de terceros, hacer un seguimiento de sus interacciones con estos contenidos integrados si tiene una cuenta conectada en su sitio web.<\/span><\/span><\/p><p><\/p><p><\/p><h3 class=\"wp-block-heading\">Estad\u00edsticas y medidas de audiencia<\/h3><h3><span style=\"font-size: 2rem; font-style: inherit; font-weight: inherit;\">\u00a0<\/span><\/h3><h3>Uso y transmisi\u00f3n de sus datos personales<\/h3><h3><span style=\"font-size: 2rem; font-style: inherit; font-weight: inherit;\">\u00a0<\/span><\/h3><h3>Tiempos de almacenamiento de sus datos<\/h3><h3><span style=\"font-size: 15px; font-style: inherit; font-weight: inherit; color: #ffffff;\">\u00a0<\/span><\/h3><p><span style=\"color: #ffffff;\"><span style=\"font-size: 15px;\">Si deja un comentario, el comentario y sus metadatos se guardan indefinidamente. Esto permite reconocer y aprobar autom\u00e1ticamente los siguientes comentarios en lugar de dejarlos en la cola de moderaci\u00f3n.<\/span><\/span><\/p><p><span style=\"color: #ffffff;\"><span style=\"font-size: 15px;\">Para los usuarios y usuarias que se inscriben en nuestro sitio (si es posible), tambi\u00e9n almacenamos los datos personales indicados en su perfil. Todos los usuarios pueden ver, modificar o eliminar su informaci\u00f3n personal en cualquier momento (excepto su nombre de usuario). Los administradores del sitio tambi\u00e9n pueden ver y modificar esta informaci\u00f3n.<\/span><\/span><\/p><p><\/p><p><\/p><h2 class=\"wp-block-heading\">Los derechos que tiene sobre sus datos<\/h2><h2><span style=\"font-size: 15px; font-style: inherit; font-weight: inherit; color: #ffffff;\">\u00a0<\/span><\/h2><p><span style=\"color: #ffffff;\"><span style=\"font-size: 15px;\">Si tiene una cuenta o ha dejado comentarios en el sitio, puede solicitar recibir un archivo que contenga todos los datos personales que tenemos sobre usted, incluidos los que nos ha proporcionado. Tambi\u00e9n puede solicitar la eliminaci\u00f3n de sus datos personales. Esto no tiene en cuenta los datos almacenados con fines administrativos, legales o de seguridad.<\/span><\/span><\/p><p><\/p><p><\/p><h2 class=\"wp-block-heading\">Transmisi\u00f3n de sus datos personales<\/h2><p><\/p><p><\/p><p>Los comentarios de los visitantes pueden ser verificados mediante un servicio automatizado de detecci\u00f3n de comentarios no deseados.<\/p><p><span style=\"color: #3a3a3a; font-size: 2rem; font-style: inherit; font-weight: inherit;\">Informations de contact<\/span><\/p><div>SEIYA RECORDS<\/div><div><p style=\"font-weight: 400; font-style: normal; font-size: 15px;\">SARL al capital de 13485,00\u20ac <br \/>5, Rue Vernet &#8211; 75008 Paris<br \/>RSC Paris. 510 498 017 &#8211; NAF. 5920 Z &#8211; N\u00b0TVA. FR 57 510 498 017 <br \/>Empresario de espect\u00e1culos. Licencias ministeriales n\u00b02-1060233 &amp; n\u00b0106023<\/p><\/div><p><\/p><p><\/p><p><\/p>\t\t\t\t\t\t\t\t<\/div>\n\t\t\t\t<\/div>\n\t\t\t\t<div class=\"elementor-element elementor-element-3d92e1e elementor-shape-circle elementor-grid-0 e-grid-align-center elementor-widget elementor-widget-social-icons\" data-id=\"3d92e1e\" data-element_type=\"widget\" data-widget_type=\"social-icons.default\">\n\t\t\t\t<div class=\"elementor-widget-container\">\n\t\t\t\t\t\t\t<div class=\"elementor-social-icons-wrapper elementor-grid\">\n\t\t\t\t\t\t\t<span class=\"elementor-grid-item\">\n\t\t\t\t\t<a class=\"elementor-icon elementor-social-icon elementor-social-icon-facebook elementor-repeater-item-d3bd977\" href=\"https:\/\/www.facebook.com\/bakianofficial\" target=\"_blank\">\n\t\t\t\t\t\t<span class=\"elementor-screen-only\">Facebook<\/span>\n\t\t\t\t\t\t<i class=\"fab fa-facebook\"><\/i>\t\t\t\t\t<\/a>\n\t\t\t\t<\/span>\n\t\t\t\t\t\t\t<span class=\"elementor-grid-item\">\n\t\t\t\t\t<a class=\"elementor-icon elementor-social-icon elementor-social-icon-instagram elementor-repeater-item-442707a\" href=\"https:\/\/www.instagram.com\/bakianofficial\/?hl=fr\" target=\"_blank\">\n\t\t\t\t\t\t<span class=\"elementor-screen-only\">Instagram<\/span>\n\t\t\t\t\t\t<i class=\"fab fa-instagram\"><\/i>\t\t\t\t\t<\/a>\n\t\t\t\t<\/span>\n\t\t\t\t\t\t\t<span class=\"elementor-grid-item\">\n\t\t\t\t\t<a class=\"elementor-icon elementor-social-icon elementor-social-icon-youtube elementor-repeater-item-a94836a\" href=\"https:\/\/www.youtube.com\/c\/BakianTV\" target=\"_blank\">\n\t\t\t\t\t\t<span class=\"elementor-screen-only\">Youtube<\/span>\n\t\t\t\t\t\t<i class=\"fab fa-youtube\"><\/i>\t\t\t\t\t<\/a>\n\t\t\t\t<\/span>\n\t\t\t\t\t<\/div>\n\t\t\t\t\t\t<\/div>\n\t\t\t\t<\/div>\n\t\t\t\t\t<\/div>\n\t\t<\/div>\n\t\t\t\t\t<\/div>\n\t\t<\/section>\n\t\t\t\t<section class=\"elementor-section elementor-top-section elementor-element elementor-element-985bf6f elementor-section-boxed elementor-section-height-default elementor-section-height-default\" data-id=\"985bf6f\" data-element_type=\"section\" data-settings=\"{&quot;background_background&quot;:&quot;classic&quot;}\">\n\t\t\t\t\t\t<div class=\"elementor-container elementor-column-gap-default\">\n\t\t\t\t\t<div class=\"elementor-column elementor-col-100 elementor-top-column elementor-element elementor-element-bff6e7c\" data-id=\"bff6e7c\" data-element_type=\"column\">\n\t\t\t<div class=\"elementor-widget-wrap elementor-element-populated\">\n\t\t\t\t\t\t<div class=\"elementor-element elementor-element-2984461 eael_simple_menu_hamburger_disable_selected_menu_no eael-simple-menu-hamburger-align-right eael-hamburger--tablet elementor-widget elementor-widget-eael-simple-menu\" data-id=\"2984461\" data-element_type=\"widget\" data-widget_type=\"eael-simple-menu.default\">\n\t\t\t\t<div class=\"elementor-widget-container\">\n\t\t\t\t\t<style>\n                        @media screen and (max-width: 1024px) {\n                            .eael-hamburger--tablet {\n                                .eael-simple-menu-horizontal,\n                                .eael-simple-menu-vertical {\n                                    display: none;\n                                }\n                            }\n                            .eael-hamburger--tablet {\n                                .eael-simple-menu-container .eael-simple-menu-toggle {\n                                    display: block;\n                                }\n                            }\n                        }\n                    <\/style>            <div data-hamburger-icon=\"&lt;i aria-hidden=&quot;true&quot; class=&quot;fas fa-bars&quot;&gt;&lt;\/i&gt;\" data-indicator-icon=\"&lt;i aria-hidden=&quot;true&quot; class=&quot;fas fa-angle-down&quot;&gt;&lt;\/i&gt;\" data-dropdown-indicator-icon=\"&lt;i class=&quot;fas fa-angle-down&quot;&gt;&lt;\/i&gt;\" class=\"eael-simple-menu-container eael-simple-menu-align-center eael-simple-menu-dropdown-align-left preset-1\" data-hamburger-breakpoints=\"{&quot;mobile&quot;:&quot;Portrait mobile (&gt; 767px)&quot;,&quot;tablet&quot;:&quot;Tablette en mode portrait (&gt; 1024px)&quot;,&quot;desktop&quot;:&quot;Desktop (&gt; 2400px)&quot;,&quot;none&quot;:&quot;None&quot;}\" data-hamburger-device=\"tablet\">\n                <ul id=\"menu-menu-du-bas-esp\" class=\"eael-simple-menu eael-simple-menu-dropdown-animate-to-top eael-simple-menu-indicator eael-simple-menu-horizontal\"><li id=\"menu-item-3589\" class=\"menu-item menu-item-type-post_type menu-item-object-page menu-item-3589\"><a href=\"https:\/\/bakianofficial.com\/index.php\/es\/asociados\/\" class=\"menu-link\">Asociados<\/a><\/li>\n<li id=\"menu-item-3591\" class=\"menu-item menu-item-type-post_type menu-item-object-page menu-item-3591\"><a href=\"https:\/\/bakianofficial.com\/index.php\/es\/kit-de-medios\/\" class=\"menu-link\">Kit de medios<\/a><\/li>\n<li id=\"menu-item-3590\" class=\"menu-item menu-item-type-post_type menu-item-object-page menu-item-3590\"><a href=\"https:\/\/bakianofficial.com\/index.php\/es\/contactenos\/\" class=\"menu-link\">Cont\u00e1ctenos<\/a><\/li>\n<li id=\"menu-item-3592\" class=\"menu-item menu-item-type-post_type menu-item-object-page menu-item-3592\"><a href=\"https:\/\/bakianofficial.com\/index.php\/es\/politica-de-privacidad\/\" class=\"menu-link\">Pol\u00edtica de privacidad<\/a><\/li>\n<li id=\"menu-item-3565\" class=\"menu-item menu-item-type-custom menu-item-object-custom menu-item-3565\"><a href=\"#pll_switcher\" class=\"menu-link\">Langues<\/a><\/li>\n<\/ul>                <button class=\"eael-simple-menu-toggle\">\n                    <span class=\"sr-only \">Hamburger Toggle Menu<\/span>\n                    <i aria-hidden=\"true\" class=\"fas fa-bars\"><\/i>                <\/button>\n            <\/div>\n            \t\t\t\t<\/div>\n\t\t\t\t<\/div>\n\t\t\t\t\t<\/div>\n\t\t<\/div>\n\t\t\t\t\t<\/div>\n\t\t<\/section>\t\t<\/div>\n\t\t","protected":false},"excerpt":{"rendered":"<p>\u00bfQui\u00e9nes somos? La direcci\u00f3n de nuestro sitio web es: https:\/\/bakianofficial.com. Uso de los datos personales recogidos Commentarios Cuando deja un comentario en nuestro sitio web, los datos registrados en el formulario de comentario, sino tambi\u00e9n su direcci\u00f3n IP y el agente de usuario de su navegador se recopilan para ayudarnos a detectar comentarios no deseados. [&hellip;]<\/p>\n","protected":false},"author":1,"featured_media":0,"parent":0,"menu_order":0,"comment_status":"closed","ping_status":"closed","template":"elementor_header_footer","meta":{"_seopress_robots_primary_cat":"","_seopress_titles_title":"","_seopress_titles_desc":"","_seopress_robots_index":"","site-sidebar-layout":"no-sidebar","site-content-layout":"page-builder","ast-site-content-layout":"","site-content-style":"default","site-sidebar-style":"default","ast-global-header-display":"","ast-banner-title-visibility":"","ast-main-header-display":"","ast-hfb-above-header-display":"","ast-hfb-below-header-display":"","ast-hfb-mobile-header-display":"","site-post-title":"disabled","ast-breadcrumbs-content":"","ast-featured-img":"disabled","footer-sml-layout":"","theme-transparent-header-meta":"default","adv-header-id-meta":"","stick-header-meta":"","header-above-stick-meta":"","header-main-stick-meta":"","header-below-stick-meta":"","astra-migrate-meta-layouts":"default","ast-page-background-enabled":"default","ast-page-background-meta":{"desktop":{"background-color":"var(--ast-global-color-4)","background-image":"","background-repeat":"repeat","background-position":"center center","background-size":"auto","background-attachment":"scroll","background-type":"","background-media":"","overlay-type":"","overlay-color":"","overlay-opacity":"","overlay-gradient":""},"tablet":{"background-color":"","background-image":"","background-repeat":"repeat","background-position":"center center","background-size":"auto","background-attachment":"scroll","background-type":"","background-media":"","overlay-type":"","overlay-color":"","overlay-opacity":"","overlay-gradient":""},"mobile":{"background-color":"","background-image":"","background-repeat":"repeat","background-position":"center center","background-size":"auto","background-attachment":"scroll","background-type":"","background-media":"","overlay-type":"","overlay-color":"","overlay-opacity":"","overlay-gradient":""}},"ast-content-background-meta":{"desktop":{"background-color":"var(--ast-global-color-5)","background-image":"","background-repeat":"repeat","background-position":"center center","background-size":"auto","background-attachment":"scroll","background-type":"","background-media":"","overlay-type":"","overlay-color":"","overlay-opacity":"","overlay-gradient":""},"tablet":{"background-color":"var(--ast-global-color-5)","background-image":"","background-repeat":"repeat","background-position":"center center","background-size":"auto","background-attachment":"scroll","background-type":"","background-media":"","overlay-type":"","overlay-color":"","overlay-opacity":"","overlay-gradient":""},"mobile":{"background-color":"var(--ast-global-color-5)","background-image":"","background-repeat":"repeat","background-position":"center center","background-size":"auto","background-attachment":"scroll","background-type":"","background-media":"","overlay-type":"","overlay-color":"","overlay-opacity":"","overlay-gradient":""}},"footnotes":""},"class_list":["post-907","page","type-page","status-publish","hentry"],"_links":{"self":[{"href":"https:\/\/bakianofficial.com\/index.php\/wp-json\/wp\/v2\/pages\/907","targetHints":{"allow":["GET"]}}],"collection":[{"href":"https:\/\/bakianofficial.com\/index.php\/wp-json\/wp\/v2\/pages"}],"about":[{"href":"https:\/\/bakianofficial.com\/index.php\/wp-json\/wp\/v2\/types\/page"}],"author":[{"embeddable":true,"href":"https:\/\/bakianofficial.com\/index.php\/wp-json\/wp\/v2\/users\/1"}],"replies":[{"embeddable":true,"href":"https:\/\/bakianofficial.com\/index.php\/wp-json\/wp\/v2\/comments?post=907"}],"version-history":[{"count":26,"href":"https:\/\/bakianofficial.com\/index.php\/wp-json\/wp\/v2\/pages\/907\/revisions"}],"predecessor-version":[{"id":3747,"href":"https:\/\/bakianofficial.com\/index.php\/wp-json\/wp\/v2\/pages\/907\/revisions\/3747"}],"wp:attachment":[{"href":"https:\/\/bakianofficial.com\/index.php\/wp-json\/wp\/v2\/media?parent=907"}],"curies":[{"name":"wp","href":"https:\/\/api.w.org\/{rel}","templated":true}]}}