{"id":916,"date":"2021-09-10T17:15:01","date_gmt":"2021-09-10T15:15:01","guid":{"rendered":"http:\/\/bakianofficial.com\/?page_id=916"},"modified":"2025-11-17T18:20:48","modified_gmt":"2025-11-17T17:20:48","slug":"biografia","status":"publish","type":"page","link":"https:\/\/bakianofficial.com\/index.php\/es\/biografia\/","title":{"rendered":"Biograf\u00eda"},"content":{"rendered":"\t\t<div data-elementor-type=\"wp-page\" data-elementor-id=\"916\" class=\"elementor elementor-916\">\n\t\t\t\t\t\t<section class=\"elementor-section elementor-top-section elementor-element elementor-element-93b7e6a elementor-section-boxed elementor-section-height-default elementor-section-height-default\" data-id=\"93b7e6a\" data-element_type=\"section\" data-settings=\"{&quot;background_background&quot;:&quot;classic&quot;}\">\n\t\t\t\t\t\t\t<div class=\"elementor-background-overlay\"><\/div>\n\t\t\t\t\t\t\t<div class=\"elementor-container elementor-column-gap-default\">\n\t\t\t\t\t<div class=\"elementor-column elementor-col-100 elementor-top-column elementor-element elementor-element-88da7fc\" data-id=\"88da7fc\" data-element_type=\"column\">\n\t\t\t<div class=\"elementor-widget-wrap elementor-element-populated\">\n\t\t\t\t\t\t<section class=\"elementor-section elementor-inner-section elementor-element elementor-element-8ad15e6 elementor-section-boxed elementor-section-height-default elementor-section-height-default\" data-id=\"8ad15e6\" data-element_type=\"section\">\n\t\t\t\t\t\t<div class=\"elementor-container elementor-column-gap-default\">\n\t\t\t\t\t<div class=\"elementor-column elementor-col-50 elementor-inner-column elementor-element elementor-element-7241ee6\" data-id=\"7241ee6\" data-element_type=\"column\">\n\t\t\t<div class=\"elementor-widget-wrap elementor-element-populated\">\n\t\t\t\t\t\t<div class=\"elementor-element elementor-element-cd7ed12 elementor-widget elementor-widget-image\" data-id=\"cd7ed12\" data-element_type=\"widget\" data-widget_type=\"image.default\">\n\t\t\t\t<div class=\"elementor-widget-container\">\n\t\t\t\t\t\t\t\t\t\t\t\t\t\t\t<img fetchpriority=\"high\" decoding=\"async\" width=\"2558\" height=\"2560\" src=\"https:\/\/bakianofficial.com\/wp-content\/uploads\/2024\/01\/20230415_212030-2-scaled.jpg\" class=\"attachment-full size-full wp-image-2917\" alt=\"\" srcset=\"https:\/\/bakianofficial.com\/wp-content\/uploads\/2024\/01\/20230415_212030-2-scaled.jpg 2558w, https:\/\/bakianofficial.com\/wp-content\/uploads\/2024\/01\/20230415_212030-2-300x300.jpg 300w, https:\/\/bakianofficial.com\/wp-content\/uploads\/2024\/01\/20230415_212030-2-scaled-100x100.jpg 100w, https:\/\/bakianofficial.com\/wp-content\/uploads\/2024\/01\/20230415_212030-2-scaled-600x600.jpg 600w, https:\/\/bakianofficial.com\/wp-content\/uploads\/2024\/01\/20230415_212030-2-1024x1024.jpg 1024w, https:\/\/bakianofficial.com\/wp-content\/uploads\/2024\/01\/20230415_212030-2-150x150.jpg 150w, https:\/\/bakianofficial.com\/wp-content\/uploads\/2024\/01\/20230415_212030-2-768x769.jpg 768w, https:\/\/bakianofficial.com\/wp-content\/uploads\/2024\/01\/20230415_212030-2-1536x1536.jpg 1536w\" sizes=\"(max-width: 2558px) 100vw, 2558px\" \/>\t\t\t\t\t\t\t\t\t\t\t\t\t\t\t<\/div>\n\t\t\t\t<\/div>\n\t\t\t\t\t<\/div>\n\t\t<\/div>\n\t\t\t\t<div class=\"elementor-column elementor-col-50 elementor-inner-column elementor-element elementor-element-889c8ce\" data-id=\"889c8ce\" data-element_type=\"column\">\n\t\t\t<div class=\"elementor-widget-wrap elementor-element-populated\">\n\t\t\t\t\t\t<div class=\"elementor-element elementor-element-4ba0de9 elementor-widget__width-initial elementor-widget elementor-widget-text-editor\" data-id=\"4ba0de9\" data-element_type=\"widget\" data-widget_type=\"text-editor.default\">\n\t\t\t\t<div class=\"elementor-widget-container\">\n\t\t\t\t\t\t\t\t\t<h3>BAKIAN, una historia y un recorrido<\/h3><div><p data-start=\"90\" data-end=\"553\">Despu\u00e9s del \u00e9xito de su primer \u00e1lbum, ampliamente aclamado por la prensa, y de una canci\u00f3n in\u00e9dita ofrecida por Charles Aznavour titulada <em data-start=\"228\" data-end=\"245\">\u201c<strong>L\u2019Adolescence<\/strong>\u201d<\/em>, seguida de actuaciones triunfales en escenarios parisinos legendarios como el Alhambra, el Z\u00e9nith, el Palace y el Casino de Paris, el artista de la Costa Azul ha lanzado recientemente <em data-start=\"431\" data-end=\"456\">\u201c<strong>IL PLUME DES CAILLOUX<\/strong>\u201d<\/em>, una canci\u00f3n poderosa y po\u00e9tica que aborda con intensidad el tema de las desigualdades sociales. Coescrita por <strong>BAKIAN, Max Pantera y Charles Aznavour, <\/strong>quien tambi\u00e9n compuso la obra, esta pieza refleja un encuentro art\u00edstico excepcional, que fusiona el humanismo y la elegancia mel\u00f3dica del gran Aznavour con la pluma comprometida y vibrante de <strong>BAKIAN<\/strong>. Tras varios sencillos con sonoridades pop-electro, <strong><em data-start=\"863\" data-end=\"874\">\u201cCHANGER\u201d<\/em>, <em data-start=\"876\" data-end=\"893\">\u201cTOUT EMPORTER\u201d<\/em>, <em data-start=\"895\" data-end=\"909\">\u201cLE PREMIER\u201d<\/em>, <em data-start=\"911\" data-end=\"923\">\u201cINSOMNIE\u201d<\/em>, <em data-start=\"925\" data-end=\"938\">\u201cD\u00c9SORMAIS\u201d<\/em>, <em data-start=\"940\" data-end=\"965\">\u201cIL PLUME DES CAILLOUX\u201d<\/em> y <em data-start=\"968\" data-end=\"979\">\u201cLE M\u00caME\u201d<\/em><\/strong>, todos a\u00fan disponibles, BAKIAN emprender\u00e1 una gira por toda Francia a partir del pr\u00f3ximo oto\u00f1o y actuar\u00e1 en el ic\u00f3nico escenario del <strong>OLYMPIA<\/strong> el 5 de octubre de 2026. Posicionado en el Top 100 Yacast Indie Pop con <em data-start=\"1195\" data-end=\"1212\">\u201cTOUT EMPORTER\u201d<\/em>, <strong>BAKIAN<\/strong> acumula un poco m\u00e1s de 3 millones de reproducciones en todas las plataformas con sus primeros cinco sencillos y presenta ahora un EP de siete canciones titulado <em data-start=\"1382\" data-end=\"1393\">\u201c<strong>PASSION<\/strong>\u201d<\/em>. Con arreglos pop refinados y una interpretaci\u00f3n vocal que combina fuerza y sensibilidad, <strong>BAKIAN<\/strong> realza las letras profundas e inspiradoras de este EP, impregnando cada pista con su firma art\u00edstica \u00fanica. Cantautor comprometido y seguido hoy por m\u00e1s de <strong>350.000 fans en redes sociales<\/strong>, <strong>BAKIAN<\/strong> fue nombrado Gran Oficial de la Liga Universal del Bien P\u00fablico, <strong>ONG reconocida por la ONU y la UNESCO, <\/strong>el 2 de junio de 2023 en el Senado franc\u00e9s, donde tambi\u00e9n fue designado Responsable de la Comisi\u00f3n de Juventud y Deporte. Apasionado del deporte y antiguo campe\u00f3n de karting a comienzos de los a\u00f1os 2000, participa regularmente en eventos con <strong>la <em data-start=\"2037\" data-end=\"2065\">Star Team For The Children<\/em><\/strong>, presidida por <strong>S.A.S. el Pr\u00edncipe Alberto II de M\u00f3naco.<\/strong><\/p><\/div>\t\t\t\t\t\t\t\t<\/div>\n\t\t\t\t<\/div>\n\t\t\t\t<div class=\"elementor-element elementor-element-3ced1d4 elementor-align-center elementor-widget elementor-widget-button\" data-id=\"3ced1d4\" data-element_type=\"widget\" data-widget_type=\"button.default\">\n\t\t\t\t<div class=\"elementor-widget-container\">\n\t\t\t\t\t\t\t\t\t<div class=\"elementor-button-wrapper\">\n\t\t\t\t\t<a class=\"elementor-button elementor-button-link elementor-size-md\" href=\"https:\/\/everybodywiki.com\/Gr%C3%A9gory_Bakian\" target=\"_blank\">\n\t\t\t\t\t\t<span class=\"elementor-button-content-wrapper\">\n\t\t\t\t\t\t\t\t\t<span class=\"elementor-button-text\">Saber m\u00e1s<\/span>\n\t\t\t\t\t<\/span>\n\t\t\t\t\t<\/a>\n\t\t\t\t<\/div>\n\t\t\t\t\t\t\t\t<\/div>\n\t\t\t\t<\/div>\n\t\t\t\t<div class=\"elementor-element elementor-element-56b471b elementor-shape-circle elementor-grid-0 e-grid-align-center elementor-widget elementor-widget-social-icons\" data-id=\"56b471b\" data-element_type=\"widget\" data-widget_type=\"social-icons.default\">\n\t\t\t\t<div class=\"elementor-widget-container\">\n\t\t\t\t\t\t\t<div class=\"elementor-social-icons-wrapper elementor-grid\">\n\t\t\t\t\t\t\t<span class=\"elementor-grid-item\">\n\t\t\t\t\t<a class=\"elementor-icon elementor-social-icon elementor-social-icon-facebook elementor-repeater-item-3f83abb\" href=\"https:\/\/www.facebook.com\/bakianofficial\" target=\"_blank\">\n\t\t\t\t\t\t<span class=\"elementor-screen-only\">Facebook<\/span>\n\t\t\t\t\t\t<i class=\"fab fa-facebook\"><\/i>\t\t\t\t\t<\/a>\n\t\t\t\t<\/span>\n\t\t\t\t\t\t\t<span class=\"elementor-grid-item\">\n\t\t\t\t\t<a class=\"elementor-icon elementor-social-icon elementor-social-icon-instagram elementor-repeater-item-0e4824f\" href=\"https:\/\/www.instagram.com\/bakianofficial\/\" target=\"_blank\">\n\t\t\t\t\t\t<span class=\"elementor-screen-only\">Instagram<\/span>\n\t\t\t\t\t\t<i class=\"fab fa-instagram\"><\/i>\t\t\t\t\t<\/a>\n\t\t\t\t<\/span>\n\t\t\t\t\t\t\t<span class=\"elementor-grid-item\">\n\t\t\t\t\t<a class=\"elementor-icon elementor-social-icon elementor-social-icon-youtube elementor-repeater-item-d5df48e\" href=\"https:\/\/www.youtube.com\/c\/BakianTV\" target=\"_blank\">\n\t\t\t\t\t\t<span class=\"elementor-screen-only\">Youtube<\/span>\n\t\t\t\t\t\t<i class=\"fab fa-youtube\"><\/i>\t\t\t\t\t<\/a>\n\t\t\t\t<\/span>\n\t\t\t\t\t\t\t<span class=\"elementor-grid-item\">\n\t\t\t\t\t<a class=\"elementor-icon elementor-social-icon elementor-social-icon-tiktok elementor-repeater-item-5246bd3\" href=\"https:\/\/www.tiktok.com\/@bakianofficial\" target=\"_blank\">\n\t\t\t\t\t\t<span class=\"elementor-screen-only\">Tiktok<\/span>\n\t\t\t\t\t\t<i class=\"fab fa-tiktok\"><\/i>\t\t\t\t\t<\/a>\n\t\t\t\t<\/span>\n\t\t\t\t\t<\/div>\n\t\t\t\t\t\t<\/div>\n\t\t\t\t<\/div>\n\t\t\t\t\t<\/div>\n\t\t<\/div>\n\t\t\t\t\t<\/div>\n\t\t<\/section>\n\t\t\t\t\t<\/div>\n\t\t<\/div>\n\t\t\t\t\t<\/div>\n\t\t<\/section>\n\t\t\t\t<section class=\"elementor-section elementor-top-section elementor-element elementor-element-21be7bc elementor-section-boxed elementor-section-height-default elementor-section-height-default\" data-id=\"21be7bc\" data-element_type=\"section\" data-settings=\"{&quot;background_background&quot;:&quot;classic&quot;}\">\n\t\t\t\t\t\t<div class=\"elementor-container elementor-column-gap-default\">\n\t\t\t\t\t<div class=\"elementor-column elementor-col-100 elementor-top-column elementor-element elementor-element-3c55ed9\" data-id=\"3c55ed9\" data-element_type=\"column\">\n\t\t\t<div class=\"elementor-widget-wrap elementor-element-populated\">\n\t\t\t\t\t\t<div class=\"elementor-element elementor-element-c4a289b eael_simple_menu_hamburger_disable_selected_menu_no eael-simple-menu-hamburger-align-right eael-hamburger--tablet elementor-widget elementor-widget-eael-simple-menu\" data-id=\"c4a289b\" data-element_type=\"widget\" data-widget_type=\"eael-simple-menu.default\">\n\t\t\t\t<div class=\"elementor-widget-container\">\n\t\t\t\t\t<style>\n                        @media screen and (max-width: 1024px) {\n                            .eael-hamburger--tablet {\n                                .eael-simple-menu-horizontal,\n                                .eael-simple-menu-vertical {\n                                    display: none;\n                                }\n                            }\n                            .eael-hamburger--tablet {\n                                .eael-simple-menu-container .eael-simple-menu-toggle {\n                                    display: block;\n                                }\n                            }\n                        }\n                    <\/style>            <div data-hamburger-icon=\"&lt;i aria-hidden=&quot;true&quot; class=&quot;fas fa-bars&quot;&gt;&lt;\/i&gt;\" data-indicator-icon=\"&lt;i aria-hidden=&quot;true&quot; class=&quot;fas fa-angle-down&quot;&gt;&lt;\/i&gt;\" data-dropdown-indicator-icon=\"&lt;i class=&quot;fas fa-angle-down&quot;&gt;&lt;\/i&gt;\" class=\"eael-simple-menu-container eael-simple-menu-align-center eael-simple-menu-dropdown-align-left preset-1\" data-hamburger-breakpoints=\"{&quot;mobile&quot;:&quot;Portrait mobile (&gt; 767px)&quot;,&quot;tablet&quot;:&quot;Tablette en mode portrait (&gt; 1024px)&quot;,&quot;desktop&quot;:&quot;Desktop (&gt; 2400px)&quot;,&quot;none&quot;:&quot;None&quot;}\" data-hamburger-device=\"tablet\">\n                <ul id=\"menu-menu-du-bas-esp\" class=\"eael-simple-menu eael-simple-menu-dropdown-animate-to-top eael-simple-menu-indicator eael-simple-menu-horizontal\"><li id=\"menu-item-3589\" class=\"menu-item menu-item-type-post_type menu-item-object-page menu-item-3589\"><a href=\"https:\/\/bakianofficial.com\/index.php\/es\/asociados\/\" class=\"menu-link\">Asociados<\/a><\/li>\n<li id=\"menu-item-3591\" class=\"menu-item menu-item-type-post_type menu-item-object-page menu-item-3591\"><a href=\"https:\/\/bakianofficial.com\/index.php\/es\/kit-de-medios\/\" class=\"menu-link\">Kit de medios<\/a><\/li>\n<li id=\"menu-item-3590\" class=\"menu-item menu-item-type-post_type menu-item-object-page menu-item-3590\"><a href=\"https:\/\/bakianofficial.com\/index.php\/es\/contactenos\/\" class=\"menu-link\">Cont\u00e1ctenos<\/a><\/li>\n<li id=\"menu-item-3592\" class=\"menu-item menu-item-type-post_type menu-item-object-page menu-item-3592\"><a href=\"https:\/\/bakianofficial.com\/index.php\/es\/politica-de-privacidad\/\" class=\"menu-link\">Pol\u00edtica de privacidad<\/a><\/li>\n<li id=\"menu-item-3565\" class=\"menu-item menu-item-type-custom menu-item-object-custom menu-item-3565\"><a href=\"#pll_switcher\" class=\"menu-link\">Langues<\/a><\/li>\n<\/ul>                <button class=\"eael-simple-menu-toggle\">\n                    <span class=\"sr-only \">Hamburger Toggle Menu<\/span>\n                    <i aria-hidden=\"true\" class=\"fas fa-bars\"><\/i>                <\/button>\n            <\/div>\n            \t\t\t\t<\/div>\n\t\t\t\t<\/div>\n\t\t\t\t\t<\/div>\n\t\t<\/div>\n\t\t\t\t\t<\/div>\n\t\t<\/section>\n\t\t\t\t<\/div>\n\t\t","protected":false},"excerpt":{"rendered":"<p>BAKIAN, una historia y un recorrido Despu\u00e9s del \u00e9xito de su primer \u00e1lbum, ampliamente aclamado por la prensa, y de una canci\u00f3n in\u00e9dita ofrecida por Charles Aznavour titulada \u201cL\u2019Adolescence\u201d, seguida de actuaciones triunfales en escenarios parisinos legendarios como el Alhambra, el Z\u00e9nith, el Palace y el Casino de Paris, el artista de la Costa Azul [&hellip;]<\/p>\n","protected":false},"author":1,"featured_media":0,"parent":0,"menu_order":0,"comment_status":"closed","ping_status":"closed","template":"","meta":{"_seopress_robots_primary_cat":"","_seopress_titles_title":"","_seopress_titles_desc":"","_seopress_robots_index":"","site-sidebar-layout":"no-sidebar","site-content-layout":"page-builder","ast-site-content-layout":"","site-content-style":"default","site-sidebar-style":"default","ast-global-header-display":"","ast-banner-title-visibility":"","ast-main-header-display":"","ast-hfb-above-header-display":"","ast-hfb-below-header-display":"","ast-hfb-mobile-header-display":"","site-post-title":"disabled","ast-breadcrumbs-content":"","ast-featured-img":"disabled","footer-sml-layout":"","theme-transparent-header-meta":"default","adv-header-id-meta":"","stick-header-meta":"","header-above-stick-meta":"","header-main-stick-meta":"","header-below-stick-meta":"","astra-migrate-meta-layouts":"default","ast-page-background-enabled":"default","ast-page-background-meta":{"desktop":{"background-color":"var(--ast-global-color-4)","background-image":"","background-repeat":"repeat","background-position":"center center","background-size":"auto","background-attachment":"scroll","background-type":"","background-media":"","overlay-type":"","overlay-color":"","overlay-opacity":"","overlay-gradient":""},"tablet":{"background-color":"","background-image":"","background-repeat":"repeat","background-position":"center center","background-size":"auto","background-attachment":"scroll","background-type":"","background-media":"","overlay-type":"","overlay-color":"","overlay-opacity":"","overlay-gradient":""},"mobile":{"background-color":"","background-image":"","background-repeat":"repeat","background-position":"center center","background-size":"auto","background-attachment":"scroll","background-type":"","background-media":"","overlay-type":"","overlay-color":"","overlay-opacity":"","overlay-gradient":""}},"ast-content-background-meta":{"desktop":{"background-color":"var(--ast-global-color-5)","background-image":"","background-repeat":"repeat","background-position":"center center","background-size":"auto","background-attachment":"scroll","background-type":"","background-media":"","overlay-type":"","overlay-color":"","overlay-opacity":"","overlay-gradient":""},"tablet":{"background-color":"var(--ast-global-color-5)","background-image":"","background-repeat":"repeat","background-position":"center center","background-size":"auto","background-attachment":"scroll","background-type":"","background-media":"","overlay-type":"","overlay-color":"","overlay-opacity":"","overlay-gradient":""},"mobile":{"background-color":"var(--ast-global-color-5)","background-image":"","background-repeat":"repeat","background-position":"center center","background-size":"auto","background-attachment":"scroll","background-type":"","background-media":"","overlay-type":"","overlay-color":"","overlay-opacity":"","overlay-gradient":""}},"footnotes":""},"class_list":["post-916","page","type-page","status-publish","hentry"],"_links":{"self":[{"href":"https:\/\/bakianofficial.com\/index.php\/wp-json\/wp\/v2\/pages\/916","targetHints":{"allow":["GET"]}}],"collection":[{"href":"https:\/\/bakianofficial.com\/index.php\/wp-json\/wp\/v2\/pages"}],"about":[{"href":"https:\/\/bakianofficial.com\/index.php\/wp-json\/wp\/v2\/types\/page"}],"author":[{"embeddable":true,"href":"https:\/\/bakianofficial.com\/index.php\/wp-json\/wp\/v2\/users\/1"}],"replies":[{"embeddable":true,"href":"https:\/\/bakianofficial.com\/index.php\/wp-json\/wp\/v2\/comments?post=916"}],"version-history":[{"count":125,"href":"https:\/\/bakianofficial.com\/index.php\/wp-json\/wp\/v2\/pages\/916\/revisions"}],"predecessor-version":[{"id":4255,"href":"https:\/\/bakianofficial.com\/index.php\/wp-json\/wp\/v2\/pages\/916\/revisions\/4255"}],"wp:attachment":[{"href":"https:\/\/bakianofficial.com\/index.php\/wp-json\/wp\/v2\/media?parent=916"}],"curies":[{"name":"wp","href":"https:\/\/api.w.org\/{rel}","templated":true}]}}